{"id":6416,"date":"2021-11-18T15:00:17","date_gmt":"2021-11-18T21:00:17","guid":{"rendered":"https:\/\/chapingreenguanajuato.com\/?page_id=6416"},"modified":"2021-11-20T20:05:12","modified_gmt":"2021-11-21T02:05:12","slug":"verclases","status":"publish","type":"page","link":"https:\/\/chapingreenguanajuato.com\/?page_id=6416","title":{"rendered":"\u00a1As\u00ed podr\u00e1s ver todas tus clases!"},"content":{"rendered":"\n<p>\u00bfProblemas para ver tus Diplomados?<\/p>\n\n\n\n<p>No te preocupes, el siguiente v\u00eddeo te ense\u00f1ar\u00e1 c\u00f3mo poder navegar en la Escuela Digital:<\/p>\n\n\n\n<figure class=\"wp-block-embed aligncenter is-type-video is-provider-vimeo wp-block-embed-vimeo\"><div class=\"wp-block-embed__wrapper\">\n<iframe title=\"navegar\" src=\"https:\/\/player.vimeo.com\/video\/647476980?h=9f52040923&amp;dnt=1&amp;app_id=122963\" width=\"720\" height=\"428\" frameborder=\"0\" allow=\"autoplay; fullscreen; picture-in-picture\" allowfullscreen><\/iframe>\n<\/div><\/figure>\n","protected":false},"excerpt":{"rendered":"<p>\u00bfProblemas para ver tus Diplomados? No te preocupes, el siguiente v\u00eddeo te ense\u00f1ar\u00e1 c\u00f3mo poder navegar en la Escuela Digital:<\/p>\n","protected":false},"author":1,"featured_media":0,"parent":0,"menu_order":0,"comment_status":"closed","ping_status":"closed","template":"","meta":{"_editorskit_title_hidden":false,"_editorskit_reading_time":1,"_editorskit_is_block_options_detached":false,"_editorskit_block_options_position":"{}","_uag_custom_page_level_css":"","_kadence_starter_templates_imported_post":false,"_kad_post_transparent":"","_kad_post_title":"","_kad_post_layout":"","_kad_post_sidebar_id":"","_kad_post_content_style":"","_kad_post_vertical_padding":"","_kad_post_feature":"","_kad_post_feature_position":"","_kad_post_header":false,"_kad_post_footer":false,"_joinchat":[],"footnotes":""},"class_list":["post-6416","page","type-page","status-publish","hentry"],"yoast_head":"<!-- This site is optimized with the Yoast SEO plugin v25.7 - https:\/\/yoast.com\/wordpress\/plugins\/seo\/ -->\n<title>\u00a1As\u00ed podr\u00e1s ver todas tus clases!<\/title>\n<meta name=\"robots\" content=\"index, follow, max-snippet:-1, max-image-preview:large, max-video-preview:-1\" \/>\n<link rel=\"canonical\" href=\"https:\/\/chapingreenguanajuato.com\/?page_id=6416\" \/>\n<meta property=\"og:locale\" content=\"es_MX\" \/>\n<meta property=\"og:type\" content=\"article\" \/>\n<meta property=\"og:title\" content=\"\u00a1As\u00ed podr\u00e1s ver todas tus clases!\" \/>\n<meta property=\"og:description\" content=\"\u00bfProblemas para ver tus Diplomados? No te preocupes, el siguiente v\u00eddeo te ense\u00f1ar\u00e1 c\u00f3mo poder navegar en la Escuela Digital:\" \/>\n<meta property=\"og:url\" content=\"https:\/\/chapingreenguanajuato.com\/?page_id=6416\" \/>\n<meta property=\"og:site_name\" content=\"CHAPINGREEN GUANAJUATO\" \/>\n<meta property=\"article:modified_time\" content=\"2021-11-21T02:05:12+00:00\" \/>\n<meta name=\"twitter:card\" content=\"summary_large_image\" \/>\n<meta name=\"twitter:label1\" content=\"Tiempo de lectura\" \/>\n\t<meta name=\"twitter:data1\" content=\"1 minuto\" \/>\n<script type=\"application\/ld+json\" class=\"yoast-schema-graph\">{\"@context\":\"https:\/\/schema.org\",\"@graph\":[{\"@type\":\"WebPage\",\"@id\":\"https:\/\/chapingreenguanajuato.com\/?page_id=6416\",\"url\":\"https:\/\/chapingreenguanajuato.com\/?page_id=6416\",\"name\":\"\u00a1As\u00ed podr\u00e1s ver todas tus clases!\",\"isPartOf\":{\"@id\":\"https:\/\/chapingreenguanajuato.com\/#website\"},\"datePublished\":\"2021-11-18T21:00:17+00:00\",\"dateModified\":\"2021-11-21T02:05:12+00:00\",\"breadcrumb\":{\"@id\":\"https:\/\/chapingreenguanajuato.com\/?page_id=6416#breadcrumb\"},\"inLanguage\":\"es\",\"potentialAction\":[{\"@type\":\"ReadAction\",\"target\":[\"https:\/\/chapingreenguanajuato.com\/?page_id=6416\"]}]},{\"@type\":\"BreadcrumbList\",\"@id\":\"https:\/\/chapingreenguanajuato.com\/?page_id=6416#breadcrumb\",\"itemListElement\":[{\"@type\":\"ListItem\",\"position\":1,\"name\":\"Inicio\",\"item\":\"https:\/\/chapingreenguanajuato.com\/\"},{\"@type\":\"ListItem\",\"position\":2,\"name\":\"\u00a1As\u00ed podr\u00e1s ver todas tus clases!\"}]},{\"@type\":\"WebSite\",\"@id\":\"https:\/\/chapingreenguanajuato.com\/#website\",\"url\":\"https:\/\/chapingreenguanajuato.com\/\",\"name\":\"CHAPINGREEN GUANAJUATO\",\"description\":\"Academia Digital\",\"publisher\":{\"@id\":\"https:\/\/chapingreenguanajuato.com\/#organization\"},\"potentialAction\":[{\"@type\":\"SearchAction\",\"target\":{\"@type\":\"EntryPoint\",\"urlTemplate\":\"https:\/\/chapingreenguanajuato.com\/?s={search_term_string}\"},\"query-input\":{\"@type\":\"PropertyValueSpecification\",\"valueRequired\":true,\"valueName\":\"search_term_string\"}}],\"inLanguage\":\"es\"},{\"@type\":\"Organization\",\"@id\":\"https:\/\/chapingreenguanajuato.com\/#organization\",\"name\":\"Azmeh, escuela digital\",\"url\":\"https:\/\/chapingreenguanajuato.com\/\",\"logo\":{\"@type\":\"ImageObject\",\"inLanguage\":\"es\",\"@id\":\"https:\/\/chapingreenguanajuato.com\/#\/schema\/logo\/image\/\",\"url\":\"https:\/\/chapingreenguanajuato.com\/wp-content\/uploads\/2021\/10\/cropped-icono-wp-1.png\",\"contentUrl\":\"https:\/\/chapingreenguanajuato.com\/wp-content\/uploads\/2021\/10\/cropped-icono-wp-1.png\",\"width\":512,\"height\":512,\"caption\":\"Azmeh, escuela digital\"},\"image\":{\"@id\":\"https:\/\/chapingreenguanajuato.com\/#\/schema\/logo\/image\/\"}}]}<\/script>\n<!-- \/ Yoast SEO plugin. -->","yoast_head_json":{"title":"\u00a1As\u00ed podr\u00e1s ver todas tus clases!","robots":{"index":"index","follow":"follow","max-snippet":"max-snippet:-1","max-image-preview":"max-image-preview:large","max-video-preview":"max-video-preview:-1"},"canonical":"https:\/\/chapingreenguanajuato.com\/?page_id=6416","og_locale":"es_MX","og_type":"article","og_title":"\u00a1As\u00ed podr\u00e1s ver todas tus clases!","og_description":"\u00bfProblemas para ver tus Diplomados? No te preocupes, el siguiente v\u00eddeo te ense\u00f1ar\u00e1 c\u00f3mo poder navegar en la Escuela Digital:","og_url":"https:\/\/chapingreenguanajuato.com\/?page_id=6416","og_site_name":"CHAPINGREEN GUANAJUATO","article_modified_time":"2021-11-21T02:05:12+00:00","twitter_card":"summary_large_image","twitter_misc":{"Tiempo de lectura":"1 minuto"},"schema":{"@context":"https:\/\/schema.org","@graph":[{"@type":"WebPage","@id":"https:\/\/chapingreenguanajuato.com\/?page_id=6416","url":"https:\/\/chapingreenguanajuato.com\/?page_id=6416","name":"\u00a1As\u00ed podr\u00e1s ver todas tus clases!","isPartOf":{"@id":"https:\/\/chapingreenguanajuato.com\/#website"},"datePublished":"2021-11-18T21:00:17+00:00","dateModified":"2021-11-21T02:05:12+00:00","breadcrumb":{"@id":"https:\/\/chapingreenguanajuato.com\/?page_id=6416#breadcrumb"},"inLanguage":"es","potentialAction":[{"@type":"ReadAction","target":["https:\/\/chapingreenguanajuato.com\/?page_id=6416"]}]},{"@type":"BreadcrumbList","@id":"https:\/\/chapingreenguanajuato.com\/?page_id=6416#breadcrumb","itemListElement":[{"@type":"ListItem","position":1,"name":"Inicio","item":"https:\/\/chapingreenguanajuato.com\/"},{"@type":"ListItem","position":2,"name":"\u00a1As\u00ed podr\u00e1s ver todas tus clases!"}]},{"@type":"WebSite","@id":"https:\/\/chapingreenguanajuato.com\/#website","url":"https:\/\/chapingreenguanajuato.com\/","name":"CHAPINGREEN GUANAJUATO","description":"Academia Digital","publisher":{"@id":"https:\/\/chapingreenguanajuato.com\/#organization"},"potentialAction":[{"@type":"SearchAction","target":{"@type":"EntryPoint","urlTemplate":"https:\/\/chapingreenguanajuato.com\/?s={search_term_string}"},"query-input":{"@type":"PropertyValueSpecification","valueRequired":true,"valueName":"search_term_string"}}],"inLanguage":"es"},{"@type":"Organization","@id":"https:\/\/chapingreenguanajuato.com\/#organization","name":"Azmeh, escuela digital","url":"https:\/\/chapingreenguanajuato.com\/","logo":{"@type":"ImageObject","inLanguage":"es","@id":"https:\/\/chapingreenguanajuato.com\/#\/schema\/logo\/image\/","url":"https:\/\/chapingreenguanajuato.com\/wp-content\/uploads\/2021\/10\/cropped-icono-wp-1.png","contentUrl":"https:\/\/chapingreenguanajuato.com\/wp-content\/uploads\/2021\/10\/cropped-icono-wp-1.png","width":512,"height":512,"caption":"Azmeh, escuela digital"},"image":{"@id":"https:\/\/chapingreenguanajuato.com\/#\/schema\/logo\/image\/"}}]}},"uagb_featured_image_src":{"full":false,"thumbnail":false,"medium":false,"medium_large":false,"large":false,"1536x1536":false,"2048x2048":false,"woocommerce_thumbnail":false,"woocommerce_single":false,"woocommerce_gallery_thumbnail":false},"uagb_author_info":{"display_name":"ismaelguta","author_link":"https:\/\/chapingreenguanajuato.com\/?author=1"},"uagb_comment_info":0,"uagb_excerpt":"\u00bfProblemas para ver tus Diplomados? No te preocupes, el siguiente v\u00eddeo te ense\u00f1ar\u00e1 c\u00f3mo poder navegar en la Escuela Digital:","_links":{"self":[{"href":"https:\/\/chapingreenguanajuato.com\/index.php?rest_route=\/wp\/v2\/pages\/6416","targetHints":{"allow":["GET"]}}],"collection":[{"href":"https:\/\/chapingreenguanajuato.com\/index.php?rest_route=\/wp\/v2\/pages"}],"about":[{"href":"https:\/\/chapingreenguanajuato.com\/index.php?rest_route=\/wp\/v2\/types\/page"}],"author":[{"embeddable":true,"href":"https:\/\/chapingreenguanajuato.com\/index.php?rest_route=\/wp\/v2\/users\/1"}],"replies":[{"embeddable":true,"href":"https:\/\/chapingreenguanajuato.com\/index.php?rest_route=%2Fwp%2Fv2%2Fcomments&post=6416"}],"version-history":[{"count":0,"href":"https:\/\/chapingreenguanajuato.com\/index.php?rest_route=\/wp\/v2\/pages\/6416\/revisions"}],"wp:attachment":[{"href":"https:\/\/chapingreenguanajuato.com\/index.php?rest_route=%2Fwp%2Fv2%2Fmedia&parent=6416"}],"curies":[{"name":"wp","href":"https:\/\/api.w.org\/{rel}","templated":true}]}}