{"id":6632,"date":"2021-11-19T14:24:43","date_gmt":"2021-11-19T20:24:43","guid":{"rendered":"https:\/\/chapingreenguanajuato.com\/?page_id=6632"},"modified":"2021-11-19T14:27:14","modified_gmt":"2021-11-19T20:27:14","slug":"cambiarpassword","status":"publish","type":"page","link":"https:\/\/chapingreenguanajuato.com\/?page_id=6632","title":{"rendered":"\u00bfOlvidaste tu password?"},"content":{"rendered":"\r\n<div id=\"password-lost-form-wrap\">\r\n\r\n\t\r\n\t\r\n\t<form id=\"lostpasswordform\" method=\"post\" class=\"account-page-form\">\r\n\t\t<fieldset>\r\n\t\t\t<legend>Restablecer la contrase\u00f1a<\/legend>\r\n\r\n\t\t\t<div class=\"somfrp-lost-pass-form-text\">\r\n\t\t\t\t<p class=\"extra-space\">Por favor, introduce tu direcci\u00f3n de correo electr\u00f3nico o tu nombre de usuario. Recibir\u00e1s un enlace por correo electr\u00f3nico para crear una nueva contrase\u00f1a.<\/p>\t\t\t<\/div>\r\n\r\n\t\t\t<p class=\"no-margin\">\r\n\t\t\t\t<label for=\"somfrp_user_info\">Direcci\u00f3n de correo electr\u00f3nico o nombre de usuario<\/label>\r\n\t\t\t\t<input type=\"text\" name=\"somfrp_user_info\" id=\"somfrp_user_info\" required autocomplete=\"username\">\r\n\t\t\t<\/p>\r\n\t\t\t\r\n\r\n\t\t\t<div class=\"lostpassword-submit\">\r\n\t\t\t\t<input type=\"hidden\" id=\"somfrp_nonce\" name=\"somfrp_nonce\" value=\"4e66719553\" \/><input type=\"hidden\" name=\"_wp_http_referer\" value=\"\/index.php?rest_route=%2Fwp%2Fv2%2Fpages%2F6632\" \/>\t\t\t\t<input type=\"hidden\" name=\"submitted\" id=\"submitted\" value=\"true\">\r\n\t\t\t\t<input type=\"hidden\" name=\"somfrp_action\" id=\"somfrp_post_action\" value=\"somfrp_lost_pass\">\r\n\t\t\t\t<button type=\"submit\" id=\"reset-pass-submit\" name=\"reset-pass-submit\" class=\"button big-btn\">Restablecer la contrase\u00f1a<\/button>\r\n\t\t\t<\/div>\r\n\r\n\t\t<\/fieldset>\r\n\t<\/form>\r\n\r\n<\/div>\n","protected":false},"excerpt":{"rendered":"","protected":false},"author":1,"featured_media":0,"parent":0,"menu_order":0,"comment_status":"closed","ping_status":"closed","template":"","meta":{"_editorskit_title_hidden":false,"_editorskit_reading_time":1,"_editorskit_is_block_options_detached":false,"_editorskit_block_options_position":"{}","_uag_custom_page_level_css":"","_kadence_starter_templates_imported_post":false,"_kad_post_transparent":"","_kad_post_title":"","_kad_post_layout":"","_kad_post_sidebar_id":"","_kad_post_content_style":"","_kad_post_vertical_padding":"","_kad_post_feature":"","_kad_post_feature_position":"","_kad_post_header":false,"_kad_post_footer":false,"_joinchat":[],"footnotes":""},"class_list":["post-6632","page","type-page","status-publish","hentry"],"yoast_head":"<!-- This site is optimized with the Yoast SEO plugin v25.7 - https:\/\/yoast.com\/wordpress\/plugins\/seo\/ -->\n<title>\u00bfOlvidaste tu password?<\/title>\n<meta name=\"robots\" content=\"index, follow, max-snippet:-1, max-image-preview:large, max-video-preview:-1\" \/>\n<link rel=\"canonical\" href=\"https:\/\/chapingreenguanajuato.com\/?page_id=6632\" \/>\n<meta property=\"og:locale\" content=\"es_MX\" \/>\n<meta property=\"og:type\" content=\"article\" \/>\n<meta property=\"og:title\" content=\"\u00bfOlvidaste tu password?\" \/>\n<meta property=\"og:url\" content=\"https:\/\/chapingreenguanajuato.com\/?page_id=6632\" \/>\n<meta property=\"og:site_name\" content=\"CHAPINGREEN GUANAJUATO\" \/>\n<meta property=\"article:modified_time\" content=\"2021-11-19T20:27:14+00:00\" \/>\n<meta name=\"twitter:card\" content=\"summary_large_image\" \/>\n<meta name=\"twitter:label1\" content=\"Tiempo de lectura\" \/>\n\t<meta name=\"twitter:data1\" content=\"1 minuto\" \/>\n<script type=\"application\/ld+json\" class=\"yoast-schema-graph\">{\"@context\":\"https:\/\/schema.org\",\"@graph\":[{\"@type\":\"WebPage\",\"@id\":\"https:\/\/chapingreenguanajuato.com\/?page_id=6632\",\"url\":\"https:\/\/chapingreenguanajuato.com\/?page_id=6632\",\"name\":\"\u00bfOlvidaste tu password?\",\"isPartOf\":{\"@id\":\"https:\/\/chapingreenguanajuato.com\/#website\"},\"datePublished\":\"2021-11-19T20:24:43+00:00\",\"dateModified\":\"2021-11-19T20:27:14+00:00\",\"breadcrumb\":{\"@id\":\"https:\/\/chapingreenguanajuato.com\/?page_id=6632#breadcrumb\"},\"inLanguage\":\"es\",\"potentialAction\":[{\"@type\":\"ReadAction\",\"target\":[\"https:\/\/chapingreenguanajuato.com\/?page_id=6632\"]}]},{\"@type\":\"BreadcrumbList\",\"@id\":\"https:\/\/chapingreenguanajuato.com\/?page_id=6632#breadcrumb\",\"itemListElement\":[{\"@type\":\"ListItem\",\"position\":1,\"name\":\"Inicio\",\"item\":\"https:\/\/chapingreenguanajuato.com\/\"},{\"@type\":\"ListItem\",\"position\":2,\"name\":\"\u00bfOlvidaste tu password?\"}]},{\"@type\":\"WebSite\",\"@id\":\"https:\/\/chapingreenguanajuato.com\/#website\",\"url\":\"https:\/\/chapingreenguanajuato.com\/\",\"name\":\"CHAPINGREEN GUANAJUATO\",\"description\":\"Academia Digital\",\"publisher\":{\"@id\":\"https:\/\/chapingreenguanajuato.com\/#organization\"},\"potentialAction\":[{\"@type\":\"SearchAction\",\"target\":{\"@type\":\"EntryPoint\",\"urlTemplate\":\"https:\/\/chapingreenguanajuato.com\/?s={search_term_string}\"},\"query-input\":{\"@type\":\"PropertyValueSpecification\",\"valueRequired\":true,\"valueName\":\"search_term_string\"}}],\"inLanguage\":\"es\"},{\"@type\":\"Organization\",\"@id\":\"https:\/\/chapingreenguanajuato.com\/#organization\",\"name\":\"Azmeh, escuela digital\",\"url\":\"https:\/\/chapingreenguanajuato.com\/\",\"logo\":{\"@type\":\"ImageObject\",\"inLanguage\":\"es\",\"@id\":\"https:\/\/chapingreenguanajuato.com\/#\/schema\/logo\/image\/\",\"url\":\"https:\/\/chapingreenguanajuato.com\/wp-content\/uploads\/2021\/10\/cropped-icono-wp-1.png\",\"contentUrl\":\"https:\/\/chapingreenguanajuato.com\/wp-content\/uploads\/2021\/10\/cropped-icono-wp-1.png\",\"width\":512,\"height\":512,\"caption\":\"Azmeh, escuela digital\"},\"image\":{\"@id\":\"https:\/\/chapingreenguanajuato.com\/#\/schema\/logo\/image\/\"}}]}<\/script>\n<!-- \/ Yoast SEO plugin. -->","yoast_head_json":{"title":"\u00bfOlvidaste tu password?","robots":{"index":"index","follow":"follow","max-snippet":"max-snippet:-1","max-image-preview":"max-image-preview:large","max-video-preview":"max-video-preview:-1"},"canonical":"https:\/\/chapingreenguanajuato.com\/?page_id=6632","og_locale":"es_MX","og_type":"article","og_title":"\u00bfOlvidaste tu password?","og_url":"https:\/\/chapingreenguanajuato.com\/?page_id=6632","og_site_name":"CHAPINGREEN GUANAJUATO","article_modified_time":"2021-11-19T20:27:14+00:00","twitter_card":"summary_large_image","twitter_misc":{"Tiempo de lectura":"1 minuto"},"schema":{"@context":"https:\/\/schema.org","@graph":[{"@type":"WebPage","@id":"https:\/\/chapingreenguanajuato.com\/?page_id=6632","url":"https:\/\/chapingreenguanajuato.com\/?page_id=6632","name":"\u00bfOlvidaste tu password?","isPartOf":{"@id":"https:\/\/chapingreenguanajuato.com\/#website"},"datePublished":"2021-11-19T20:24:43+00:00","dateModified":"2021-11-19T20:27:14+00:00","breadcrumb":{"@id":"https:\/\/chapingreenguanajuato.com\/?page_id=6632#breadcrumb"},"inLanguage":"es","potentialAction":[{"@type":"ReadAction","target":["https:\/\/chapingreenguanajuato.com\/?page_id=6632"]}]},{"@type":"BreadcrumbList","@id":"https:\/\/chapingreenguanajuato.com\/?page_id=6632#breadcrumb","itemListElement":[{"@type":"ListItem","position":1,"name":"Inicio","item":"https:\/\/chapingreenguanajuato.com\/"},{"@type":"ListItem","position":2,"name":"\u00bfOlvidaste tu password?"}]},{"@type":"WebSite","@id":"https:\/\/chapingreenguanajuato.com\/#website","url":"https:\/\/chapingreenguanajuato.com\/","name":"CHAPINGREEN GUANAJUATO","description":"Academia Digital","publisher":{"@id":"https:\/\/chapingreenguanajuato.com\/#organization"},"potentialAction":[{"@type":"SearchAction","target":{"@type":"EntryPoint","urlTemplate":"https:\/\/chapingreenguanajuato.com\/?s={search_term_string}"},"query-input":{"@type":"PropertyValueSpecification","valueRequired":true,"valueName":"search_term_string"}}],"inLanguage":"es"},{"@type":"Organization","@id":"https:\/\/chapingreenguanajuato.com\/#organization","name":"Azmeh, escuela digital","url":"https:\/\/chapingreenguanajuato.com\/","logo":{"@type":"ImageObject","inLanguage":"es","@id":"https:\/\/chapingreenguanajuato.com\/#\/schema\/logo\/image\/","url":"https:\/\/chapingreenguanajuato.com\/wp-content\/uploads\/2021\/10\/cropped-icono-wp-1.png","contentUrl":"https:\/\/chapingreenguanajuato.com\/wp-content\/uploads\/2021\/10\/cropped-icono-wp-1.png","width":512,"height":512,"caption":"Azmeh, escuela digital"},"image":{"@id":"https:\/\/chapingreenguanajuato.com\/#\/schema\/logo\/image\/"}}]}},"uagb_featured_image_src":{"full":false,"thumbnail":false,"medium":false,"medium_large":false,"large":false,"1536x1536":false,"2048x2048":false,"woocommerce_thumbnail":false,"woocommerce_single":false,"woocommerce_gallery_thumbnail":false},"uagb_author_info":{"display_name":"ismaelguta","author_link":"https:\/\/chapingreenguanajuato.com\/?author=1"},"uagb_comment_info":0,"uagb_excerpt":null,"_links":{"self":[{"href":"https:\/\/chapingreenguanajuato.com\/index.php?rest_route=\/wp\/v2\/pages\/6632","targetHints":{"allow":["GET"]}}],"collection":[{"href":"https:\/\/chapingreenguanajuato.com\/index.php?rest_route=\/wp\/v2\/pages"}],"about":[{"href":"https:\/\/chapingreenguanajuato.com\/index.php?rest_route=\/wp\/v2\/types\/page"}],"author":[{"embeddable":true,"href":"https:\/\/chapingreenguanajuato.com\/index.php?rest_route=\/wp\/v2\/users\/1"}],"replies":[{"embeddable":true,"href":"https:\/\/chapingreenguanajuato.com\/index.php?rest_route=%2Fwp%2Fv2%2Fcomments&post=6632"}],"version-history":[{"count":0,"href":"https:\/\/chapingreenguanajuato.com\/index.php?rest_route=\/wp\/v2\/pages\/6632\/revisions"}],"wp:attachment":[{"href":"https:\/\/chapingreenguanajuato.com\/index.php?rest_route=%2Fwp%2Fv2%2Fmedia&parent=6632"}],"curies":[{"name":"wp","href":"https:\/\/api.w.org\/{rel}","templated":true}]}}